{"id":278,"date":"2025-01-27T11:53:45","date_gmt":"2025-01-27T11:53:45","guid":{"rendered":"https:\/\/marketingshake.lv\/?page_id=278"},"modified":"2025-05-27T13:07:08","modified_gmt":"2025-05-27T13:07:08","slug":"visparigie-noteikumi","status":"publish","type":"page","link":"https:\/\/marketingshake.lv\/en\/visparigie-noteikumi\/","title":{"rendered":"General terms"},"content":{"rendered":"<div data-elementor-type=\"wp-page\" data-elementor-id=\"278\" class=\"elementor elementor-278\" data-elementor-post-type=\"page\">\n\t\t\t\t\t\t<section class=\"elementor-section elementor-top-section elementor-element elementor-element-62cfb5f8 elementor-section-boxed elementor-section-height-default elementor-section-height-default\" data-id=\"62cfb5f8\" data-element_type=\"section\" data-e-type=\"section\">\n\t\t\t\t\t\t<div class=\"elementor-container elementor-column-gap-default\">\n\t\t\t\t\t<div class=\"elementor-column elementor-col-100 elementor-top-column elementor-element elementor-element-61049f0e\" data-id=\"61049f0e\" data-element_type=\"column\" data-e-type=\"column\">\n\t\t\t<div class=\"elementor-widget-wrap elementor-element-populated\">\n\t\t\t\t\t\t<div class=\"elementor-element elementor-element-32316c77 elementor-widget elementor-widget-heading\" data-id=\"32316c77\" data-element_type=\"widget\" data-e-type=\"widget\" data-widget_type=\"heading.default\">\n\t\t\t\t<div class=\"elementor-widget-container\">\n\t\t\t\t\t<h1 class=\"elementor-heading-title elementor-size-default\">General terms<\/h1>\t\t\t\t<\/div>\n\t\t\t\t<\/div>\n\t\t\t\t<div class=\"elementor-element elementor-element-1a77f3c6 elementor-widget elementor-widget-spacer\" data-id=\"1a77f3c6\" data-element_type=\"widget\" data-e-type=\"widget\" data-widget_type=\"spacer.default\">\n\t\t\t\t<div class=\"elementor-widget-container\">\n\t\t\t\t\t\t\t<div class=\"elementor-spacer\">\n\t\t\t<div class=\"elementor-spacer-inner\"><\/div>\n\t\t<\/div>\n\t\t\t\t\t\t<\/div>\n\t\t\t\t<\/div>\n\t\t\t\t\t<\/div>\n\t\t<\/div>\n\t\t\t\t\t<\/div>\n\t\t<\/section>\n\t\t\t\t<section class=\"elementor-section elementor-top-section elementor-element elementor-element-44f7bcef elementor-section-boxed elementor-section-height-default elementor-section-height-default\" data-id=\"44f7bcef\" data-element_type=\"section\" data-e-type=\"section\">\n\t\t\t\t\t\t<div class=\"elementor-container elementor-column-gap-default\">\n\t\t\t\t\t<div class=\"elementor-column elementor-col-100 elementor-top-column elementor-element elementor-element-18b65b2d\" data-id=\"18b65b2d\" data-element_type=\"column\" data-e-type=\"column\">\n\t\t\t<div class=\"elementor-widget-wrap elementor-element-populated\">\n\t\t\t\t\t\t<div class=\"elementor-element elementor-element-7515ef86 elementor-widget elementor-widget-text-editor\" data-id=\"7515ef86\" data-element_type=\"widget\" data-e-type=\"widget\" data-widget_type=\"text-editor.default\">\n\t\t\t\t<div class=\"elementor-widget-container\">\n\t\t\t\t\t\t\t\t\t<p>WE ARE VERY Ltd (hereinafter referred to as the Organiser) <br \/>The person or company placing an order on the www.marketingshake.lv online shopping website (hereinafter referred to as the \"Buyer\").<\/p><p>The Customer books and pays for the Marketing Shake Festival (the \"Service\") and the Organiser ensures a high quality event with the speakers listed in the programme. The object of the purchase, the service, is understood to be the participation in the Marketing Shake festival.<\/p><p>The buyer orders the service by filling in the relevant order form on the organiser's website www.marketingshake.lv. When placing an order, the Buyer undertakes to provide precise information, i.e. name, surname and contact details. The Buyer is responsible for providing the correct details, otherwise the service cannot be guaranteed. Ordering the Service constitutes the Buyer's agreement to purchase the Service at the price indicated.<\/p><p>The buyer shall pay for the service in the online shop www.marketingshake.lv using one of the Latvian internet banks (Swedbank, Luminor, SEB banka, Citadele) and a payment card (Visa, Master Card, Maestro). Payments made on the website www.marketingshake.lv are processed by AS SEB Banka.<\/p><p>By purchasing the service, the purchaser agrees to receive newsletters about events organised by WE ARE VERY Ltd.<\/p><p>The public event will be photographed and filmed. The photos and videos will be processed and used for publicity purposes. By being present at the event, the purchaser acknowledges that he\/she has been informed and has no objection to being included in the audiovisual material of the event.<\/p><p>The website www.marketingshake.lv is maintained and operated by WE ARE VERY Ltd.<\/p>\t\t\t\t\t\t\t\t<\/div>\n\t\t\t\t<\/div>\n\t\t\t\t\t<\/div>\n\t\t<\/div>\n\t\t\t\t\t<\/div>\n\t\t<\/section>\n\t\t\t\t<\/div>","protected":false},"excerpt":{"rendered":"<p>Visp\u0101r\u012bgie noteikumi SIA \u201cWE ARE VERY\u201d (turpm\u0101k tekst\u0101 \u2013 organizators) Persona vai uz\u0146\u0113mums, kas veic pas\u016bt\u012bjumu www.marketingshake.lv interneta tirdzniec\u012bbas vietn\u0113 (turpm\u0101k tekst\u0101 \u2013 pirc\u0113js). Pirc\u0113js rezerv\u0113 un apmaks\u0101 dal\u012bbu festiv\u0101l\u0101 Marketing Shake (turpm\u0101k tekst\u0101 \u2013 pakalpojums), bet organizators nodro\u0161ina kvalitat\u012bvu pas\u0101kumu ar programm\u0101 min\u0113to lektoru uzst\u0101\u0161anos. Ar pirkuma objektu \u2013 pakalpojumu \u2013 tiek saprasta dal\u012bba [&hellip;]<\/p>\n","protected":false},"author":1,"featured_media":0,"parent":0,"menu_order":0,"comment_status":"closed","ping_status":"closed","template":"","meta":{"_acf_changed":false,"footnotes":""},"class_list":["post-278","page","type-page","status-publish","hentry"],"acf":[],"aioseo_notices":[],"_links":{"self":[{"href":"https:\/\/marketingshake.lv\/en\/wp-json\/wp\/v2\/pages\/278","targetHints":{"allow":["GET"]}}],"collection":[{"href":"https:\/\/marketingshake.lv\/en\/wp-json\/wp\/v2\/pages"}],"about":[{"href":"https:\/\/marketingshake.lv\/en\/wp-json\/wp\/v2\/types\/page"}],"author":[{"embeddable":true,"href":"https:\/\/marketingshake.lv\/en\/wp-json\/wp\/v2\/users\/1"}],"replies":[{"embeddable":true,"href":"https:\/\/marketingshake.lv\/en\/wp-json\/wp\/v2\/comments?post=278"}],"version-history":[{"count":0,"href":"https:\/\/marketingshake.lv\/en\/wp-json\/wp\/v2\/pages\/278\/revisions"}],"wp:attachment":[{"href":"https:\/\/marketingshake.lv\/en\/wp-json\/wp\/v2\/media?parent=278"}],"curies":[{"name":"wp","href":"https:\/\/api.w.org\/{rel}","templated":true}]}}