{"id":262,"date":"2025-01-27T11:51:34","date_gmt":"2025-01-27T11:51:34","guid":{"rendered":"https:\/\/marketingshake.lv\/?page_id=262"},"modified":"2025-11-28T11:07:26","modified_gmt":"2025-11-28T11:07:26","slug":"piegades-noteikumi","status":"publish","type":"page","link":"https:\/\/marketingshake.lv\/en\/piegades-noteikumi\/","title":{"rendered":"Terms of delivery"},"content":{"rendered":"<div data-elementor-type=\"wp-page\" data-elementor-id=\"262\" class=\"elementor elementor-262\" data-elementor-post-type=\"page\">\n\t\t\t\t\t\t<section class=\"elementor-section elementor-top-section elementor-element elementor-element-3af12c5c elementor-section-boxed elementor-section-height-default elementor-section-height-default\" data-id=\"3af12c5c\" data-element_type=\"section\" data-e-type=\"section\">\n\t\t\t\t\t\t<div class=\"elementor-container elementor-column-gap-default\">\n\t\t\t\t\t<div class=\"elementor-column elementor-col-100 elementor-top-column elementor-element elementor-element-3ae21c50\" data-id=\"3ae21c50\" data-element_type=\"column\" data-e-type=\"column\">\n\t\t\t<div class=\"elementor-widget-wrap elementor-element-populated\">\n\t\t\t\t\t\t<div class=\"elementor-element elementor-element-559d23f0 elementor-widget elementor-widget-heading\" data-id=\"559d23f0\" data-element_type=\"widget\" data-e-type=\"widget\" data-widget_type=\"heading.default\">\n\t\t\t\t<div class=\"elementor-widget-container\">\n\t\t\t\t\t<h1 class=\"elementor-heading-title elementor-size-default\">Delivery terms for your order<\/h1>\t\t\t\t<\/div>\n\t\t\t\t<\/div>\n\t\t\t\t<div class=\"elementor-element elementor-element-7e3e8c20 elementor-widget elementor-widget-spacer\" data-id=\"7e3e8c20\" data-element_type=\"widget\" data-e-type=\"widget\" data-widget_type=\"spacer.default\">\n\t\t\t\t<div class=\"elementor-widget-container\">\n\t\t\t\t\t\t\t<div class=\"elementor-spacer\">\n\t\t\t<div class=\"elementor-spacer-inner\"><\/div>\n\t\t<\/div>\n\t\t\t\t\t\t<\/div>\n\t\t\t\t<\/div>\n\t\t\t\t\t<\/div>\n\t\t<\/div>\n\t\t\t\t\t<\/div>\n\t\t<\/section>\n\t\t\t\t<section class=\"elementor-section elementor-top-section elementor-element elementor-element-3035f2f4 elementor-section-boxed elementor-section-height-default elementor-section-height-default\" data-id=\"3035f2f4\" data-element_type=\"section\" data-e-type=\"section\">\n\t\t\t\t\t\t<div class=\"elementor-container elementor-column-gap-default\">\n\t\t\t\t\t<div class=\"elementor-column elementor-col-100 elementor-top-column elementor-element elementor-element-332f03b6\" data-id=\"332f03b6\" data-element_type=\"column\" data-e-type=\"column\">\n\t\t\t<div class=\"elementor-widget-wrap elementor-element-populated\">\n\t\t\t\t\t\t<div class=\"elementor-element elementor-element-665fa94b elementor-widget elementor-widget-text-editor\" data-id=\"665fa94b\" data-element_type=\"widget\" data-e-type=\"widget\" data-widget_type=\"text-editor.default\">\n\t\t\t\t<div class=\"elementor-widget-container\">\n\t\t\t\t\t\t\t\t\t<p>WE ARE VERY Ltd (hereinafter referred to as the Organiser)<\/p><p>Confirmation of the purchased service will be sent free of charge to the email address you provide.<\/p><p>We will send a confirmation of your purchase of the service to the email address you provide, together with an explanation of how to obtain the service.<\/p><p>If necessary, you can call +371 22 725 330 or send an e-mail to raksti@marketingshake.lv and our representatives will give you professional and high-quality advice on the services we offer before you pay for your order.<\/p><p>If the service is still available, confirmation emails usually arrive within 1-60 minutes.<\/p><p>If you don't receive a confirmation of your purchase, make sure it's not in your spam, ads or similar folders. To avoid future emails going to inappropriate folders, set raksti@marketingshake.lv as a safe address in your email configuration.<\/p><p>If the service is no longer available, it can no longer be ordered.<\/p>\t\t\t\t\t\t\t\t<\/div>\n\t\t\t\t<\/div>\n\t\t\t\t\t<\/div>\n\t\t<\/div>\n\t\t\t\t\t<\/div>\n\t\t<\/section>\n\t\t\t\t<\/div>","protected":false},"excerpt":{"rendered":"<p>J\u016bsu pas\u016bt\u012bjuma pieg\u0101des noteikumi SIA \u201cWE ARE VERY\u201d (turpm\u0101k tekst\u0101 \u2013 organizators) Ieg\u0101d\u0101t\u0101 pakalpojuma apstiprin\u0101jums bez maksas tiks nos\u016bt\u012bts uz j\u016bsu nor\u0101d\u012bto e-pasta adresi. Pakalpojuma ieg\u0101des apstiprin\u0101jumu m\u0113s nos\u016bt\u012bsim uz j\u016bsu nor\u0101d\u012bto e-pastu kop\u0101 ar skaidrojumu, k\u0101 sa\u0146emt pakalpojumu. Nepiecie\u0161am\u012bbas gad\u012bjum\u0101 j\u016bs varat piezvan\u012bt pa t\u0101lruni +371 22 725 330 vai nos\u016bt\u012bt e-pastu uz raksti@marketingshake.lv, [&hellip;]<\/p>\n","protected":false},"author":1,"featured_media":0,"parent":0,"menu_order":0,"comment_status":"closed","ping_status":"closed","template":"","meta":{"_acf_changed":false,"footnotes":""},"class_list":["post-262","page","type-page","status-publish","hentry"],"acf":[],"aioseo_notices":[],"_links":{"self":[{"href":"https:\/\/marketingshake.lv\/en\/wp-json\/wp\/v2\/pages\/262","targetHints":{"allow":["GET"]}}],"collection":[{"href":"https:\/\/marketingshake.lv\/en\/wp-json\/wp\/v2\/pages"}],"about":[{"href":"https:\/\/marketingshake.lv\/en\/wp-json\/wp\/v2\/types\/page"}],"author":[{"embeddable":true,"href":"https:\/\/marketingshake.lv\/en\/wp-json\/wp\/v2\/users\/1"}],"replies":[{"embeddable":true,"href":"https:\/\/marketingshake.lv\/en\/wp-json\/wp\/v2\/comments?post=262"}],"version-history":[{"count":0,"href":"https:\/\/marketingshake.lv\/en\/wp-json\/wp\/v2\/pages\/262\/revisions"}],"wp:attachment":[{"href":"https:\/\/marketingshake.lv\/en\/wp-json\/wp\/v2\/media?parent=262"}],"curies":[{"name":"wp","href":"https:\/\/api.w.org\/{rel}","templated":true}]}}