{"id":254,"date":"2025-01-27T11:50:37","date_gmt":"2025-01-27T11:50:37","guid":{"rendered":"https:\/\/marketingshake.lv\/?page_id=254"},"modified":"2025-05-27T13:07:59","modified_gmt":"2025-05-27T13:07:59","slug":"atgriesanas-noteikumi","status":"publish","type":"page","link":"https:\/\/marketingshake.lv\/en\/atgriesanas-noteikumi\/","title":{"rendered":"Return policy"},"content":{"rendered":"<div data-elementor-type=\"wp-page\" data-elementor-id=\"254\" class=\"elementor elementor-254\" data-elementor-post-type=\"page\">\n\t\t\t\t\t\t<section class=\"elementor-section elementor-top-section elementor-element elementor-element-1ab8e754 elementor-section-boxed elementor-section-height-default elementor-section-height-default\" data-id=\"1ab8e754\" data-element_type=\"section\" data-e-type=\"section\">\n\t\t\t\t\t\t<div class=\"elementor-container elementor-column-gap-default\">\n\t\t\t\t\t<div class=\"elementor-column elementor-col-100 elementor-top-column elementor-element elementor-element-112bb6e6\" data-id=\"112bb6e6\" data-element_type=\"column\" data-e-type=\"column\">\n\t\t\t<div class=\"elementor-widget-wrap elementor-element-populated\">\n\t\t\t\t\t\t<div class=\"elementor-element elementor-element-704f0155 elementor-widget elementor-widget-heading\" data-id=\"704f0155\" data-element_type=\"widget\" data-e-type=\"widget\" data-widget_type=\"heading.default\">\n\t\t\t\t<div class=\"elementor-widget-container\">\n\t\t\t\t\t<h1 class=\"elementor-heading-title elementor-size-default\">Return of service<\/h1>\t\t\t\t<\/div>\n\t\t\t\t<\/div>\n\t\t\t\t<div class=\"elementor-element elementor-element-7b402ff7 elementor-widget elementor-widget-spacer\" data-id=\"7b402ff7\" data-element_type=\"widget\" data-e-type=\"widget\" data-widget_type=\"spacer.default\">\n\t\t\t\t<div class=\"elementor-widget-container\">\n\t\t\t\t\t\t\t<div class=\"elementor-spacer\">\n\t\t\t<div class=\"elementor-spacer-inner\"><\/div>\n\t\t<\/div>\n\t\t\t\t\t\t<\/div>\n\t\t\t\t<\/div>\n\t\t\t\t\t<\/div>\n\t\t<\/div>\n\t\t\t\t\t<\/div>\n\t\t<\/section>\n\t\t\t\t<section class=\"elementor-section elementor-top-section elementor-element elementor-element-5f7f26c8 elementor-section-boxed elementor-section-height-default elementor-section-height-default\" data-id=\"5f7f26c8\" data-element_type=\"section\" data-e-type=\"section\">\n\t\t\t\t\t\t<div class=\"elementor-container elementor-column-gap-default\">\n\t\t\t\t\t<div class=\"elementor-column elementor-col-100 elementor-top-column elementor-element elementor-element-621747db\" data-id=\"621747db\" data-element_type=\"column\" data-e-type=\"column\">\n\t\t\t<div class=\"elementor-widget-wrap elementor-element-populated\">\n\t\t\t\t\t\t<div class=\"elementor-element elementor-element-6bf010ce elementor-widget elementor-widget-text-editor\" data-id=\"6bf010ce\" data-element_type=\"widget\" data-e-type=\"widget\" data-widget_type=\"text-editor.default\">\n\t\t\t\t<div class=\"elementor-widget-container\">\n\t\t\t\t\t\t\t\t\t<p>WE ARE VERY Ltd (hereinafter referred to as the Organiser)<\/p><p>Paragraph 22.12 of the \"Exercise of the right of withdrawal\" part of the Cabinet of Ministers Regulation No 255 \"Regulations on distance contracts\" states that the consumer may not exercise the right of withdrawal in the case of a contract concluded for accommodation services (except for contracts for the rental of residential premises), carriage of goods, rental of vehicles, catering or entertainment events, where the service provider undertakes to provide the service on a specified date or within a specified period; therefore, the tickets purchased by the user are not redeemed, unless the organiser has stated otherwise.<\/p><p>The Organiser guarantees a refund or equivalent service in the event of cancellation of the Marketing Shake Festival.<\/p>\t\t\t\t\t\t\t\t<\/div>\n\t\t\t\t<\/div>\n\t\t\t\t\t<\/div>\n\t\t<\/div>\n\t\t\t\t\t<\/div>\n\t\t<\/section>\n\t\t\t\t<\/div>","protected":false},"excerpt":{"rendered":"<p>Pakalpojuma atgrie\u0161ana SIA \u201cWE ARE VERY\u201d (turpm\u0101k tekst\u0101 \u2013 organizators) Ministru kabineta noteikumos Nr. 255 \u201cNoteikumi par distances l\u012bgumu\u201d \u201cAtteikuma ties\u012bbu izmanto\u0161ana\u201d da\u013cas 22.12. punkt\u0101 ir noteikts, ka pat\u0113r\u0113t\u0101js nevar izmantot atteikuma ties\u012bbas, ja l\u012bgums nosl\u0113gts par izmitin\u0101\u0161anas pakalpojumiem (iz\u0146emot l\u012bgumus par dz\u012bvojamo telpu \u012bri), pre\u010du p\u0101rvad\u0101\u0161anu, transportl\u012bdzek\u013cu \u012bri, \u0113din\u0101\u0161anu vai izklaides pas\u0101kumiem, ja pakalpojuma [&hellip;]<\/p>\n","protected":false},"author":1,"featured_media":0,"parent":0,"menu_order":0,"comment_status":"closed","ping_status":"closed","template":"","meta":{"_acf_changed":false,"footnotes":""},"class_list":["post-254","page","type-page","status-publish","hentry"],"acf":[],"aioseo_notices":[],"_links":{"self":[{"href":"https:\/\/marketingshake.lv\/en\/wp-json\/wp\/v2\/pages\/254","targetHints":{"allow":["GET"]}}],"collection":[{"href":"https:\/\/marketingshake.lv\/en\/wp-json\/wp\/v2\/pages"}],"about":[{"href":"https:\/\/marketingshake.lv\/en\/wp-json\/wp\/v2\/types\/page"}],"author":[{"embeddable":true,"href":"https:\/\/marketingshake.lv\/en\/wp-json\/wp\/v2\/users\/1"}],"replies":[{"embeddable":true,"href":"https:\/\/marketingshake.lv\/en\/wp-json\/wp\/v2\/comments?post=254"}],"version-history":[{"count":0,"href":"https:\/\/marketingshake.lv\/en\/wp-json\/wp\/v2\/pages\/254\/revisions"}],"wp:attachment":[{"href":"https:\/\/marketingshake.lv\/en\/wp-json\/wp\/v2\/media?parent=254"}],"curies":[{"name":"wp","href":"https:\/\/api.w.org\/{rel}","templated":true}]}}