{"id":246,"date":"2025-01-27T11:49:43","date_gmt":"2025-01-27T11:49:43","guid":{"rendered":"https:\/\/marketingshake.lv\/?page_id=246"},"modified":"2025-05-27T13:08:18","modified_gmt":"2025-05-27T13:08:18","slug":"distances-ligums","status":"publish","type":"page","link":"https:\/\/marketingshake.lv\/en\/distances-ligums\/","title":{"rendered":"Distance agreement"},"content":{"rendered":"<div data-elementor-type=\"wp-page\" data-elementor-id=\"246\" class=\"elementor elementor-246\" data-elementor-post-type=\"page\">\n\t\t\t\t\t\t<section class=\"elementor-section elementor-top-section elementor-element elementor-element-2d7f8a93 elementor-section-boxed elementor-section-height-default elementor-section-height-default\" data-id=\"2d7f8a93\" data-element_type=\"section\" data-e-type=\"section\">\n\t\t\t\t\t\t<div class=\"elementor-container elementor-column-gap-default\">\n\t\t\t\t\t<div class=\"elementor-column elementor-col-100 elementor-top-column elementor-element elementor-element-1e2ba0ee\" data-id=\"1e2ba0ee\" data-element_type=\"column\" data-e-type=\"column\">\n\t\t\t<div class=\"elementor-widget-wrap elementor-element-populated\">\n\t\t\t\t\t\t<div class=\"elementor-element elementor-element-531f357e elementor-widget elementor-widget-heading\" data-id=\"531f357e\" data-element_type=\"widget\" data-e-type=\"widget\" data-widget_type=\"heading.default\">\n\t\t\t\t<div class=\"elementor-widget-container\">\n\t\t\t\t\t<h1 class=\"elementor-heading-title elementor-size-default\">Distance agreement<\/h1>\t\t\t\t<\/div>\n\t\t\t\t<\/div>\n\t\t\t\t<div class=\"elementor-element elementor-element-42c1df53 elementor-widget elementor-widget-spacer\" data-id=\"42c1df53\" data-element_type=\"widget\" data-e-type=\"widget\" data-widget_type=\"spacer.default\">\n\t\t\t\t<div class=\"elementor-widget-container\">\n\t\t\t\t\t\t\t<div class=\"elementor-spacer\">\n\t\t\t<div class=\"elementor-spacer-inner\"><\/div>\n\t\t<\/div>\n\t\t\t\t\t\t<\/div>\n\t\t\t\t<\/div>\n\t\t\t\t\t<\/div>\n\t\t<\/div>\n\t\t\t\t\t<\/div>\n\t\t<\/section>\n\t\t\t\t<section class=\"elementor-section elementor-top-section elementor-element elementor-element-67f48fef elementor-section-boxed elementor-section-height-default elementor-section-height-default\" data-id=\"67f48fef\" data-element_type=\"section\" data-e-type=\"section\">\n\t\t\t\t\t\t<div class=\"elementor-container elementor-column-gap-default\">\n\t\t\t\t\t<div class=\"elementor-column elementor-col-100 elementor-top-column elementor-element elementor-element-bb41252\" data-id=\"bb41252\" data-element_type=\"column\" data-e-type=\"column\">\n\t\t\t<div class=\"elementor-widget-wrap elementor-element-populated\">\n\t\t\t\t\t\t<div class=\"elementor-element elementor-element-283a6866 elementor-widget elementor-widget-text-editor\" data-id=\"283a6866\" data-element_type=\"widget\" data-e-type=\"widget\" data-widget_type=\"text-editor.default\">\n\t\t\t\t<div class=\"elementor-widget-container\">\n\t\t\t\t\t\t\t\t\t<p>This contract is concluded between the owner of the website www.marketingshake.lv \"WE ARE VERY\" Ltd, registration no. 40103197321, (hereinafter referred to as the Seller), and the Buyer who places an order on the website www.marketingshake.lv. The Distance Contract applies to all orders and purchases made on the website www.marketingshake.lv.<\/p><p>1.The Buyer shall book and pay for participation in the Marketing Shake Festival (the \"Service\") and the Seller shall provide a quality event with the speakers listed in the programme (the \"Organiser\"). The object of the purchase - the Service - is understood in the Distance Contract to be the participation in the Marketing Shake Festival.<\/p><p>2. the Buyer shall order the Service by completing the relevant order form on the Seller's website www.marketingshake.lv. When placing an order, the Buyer undertakes to provide precise information, i.e. name, surname, contact details. The Buyer is responsible for providing the correct information, otherwise the provision of the Service is not guaranteed. Ordering the Service shall be deemed to constitute an offer by the Buyer to the Seller to enter into this Distance Contract for the provision of the ordered Service and an agreement by the Buyer to purchase the ordered Service at the price indicated. Personal data relating to the provision of the Service shall be transferred to a third party, the Organiser, for the purpose of the order.<\/p><p>3.According to the Cabinet of Ministers Regulation No 255 \"Regulations on Distance Contracts\", Section III \"Exercise of the Right of Withdrawal\", paragraph 22.12 states that the consumer cannot exercise the right of withdrawal if - the contract is concluded for accommodation services (excluding contracts for the rental of residential premises), carriage of goods, rental of vehicles, catering or entertainment events, where the service provider undertakes to provide the service on a specified date or within a specified period; therefore, the tickets purchased by the user are not redeemed, unless otherwise notified by the Organiser.<\/p><p>4.The Seller guarantees a refund or equivalent Service if the Marketing Shake Festival, the object of the Service, is cancelled by the Organiser.<\/p><p>5. in the event that a live event is not permitted, the Seller guarantees to refund to those who have purchased a live ticket the difference between the price of the live ticket and the price of the online ticket and to send the online ticket.<\/p><p>6.The Buyer shall pay for the Service in the online shop www.marketingshake.lv using Latvian internet banks (Citadele, Luminor, SEB Banka, Swedbank) and Revolut as well as payment cards (Mastercard and Visa, as well as payments using Google Pay and Apple Pay).<\/p><p>7.For those legal entities that are unable to pay for the Service in the online shop www.marketingshake.lv using the payment initiation service in Latvian internet banks (Citadele, Luminor, SEB Banka, Swedbank) and payment cards (Visa, Master Card, Maestro), an invoice shall be issued, which shall be paid within the term specified in the invoice. If payment is not made by the due date, the order and the invoice will be cancelled.<\/p><p>8.Upon receipt of payment, the Seller shall send the Buyer a confirmation letter to the e-mail address specified when placing the order.<\/p><p>9.This Agreement is made in accordance with the laws and regulations of the Republic of Latvia. The Buyer acknowledges that it has read the provisions of the Contract and undertakes to observe and comply with them.<\/p><p>10. The Buyer is informed that the Seller has the right to unilaterally change the terms of this Agreement at any time.<\/p><p>11. The public event will be photographed and filmed. The photos and videos will be processed and used for publicity purposes. By being present at the event, the Purchaser acknowledges that he\/she is aware that he\/she may be included in the audiovisual material of the event and has no objection thereto.<\/p><p>Marketingshake.lv details <br \/>The website www.marketingshake.lv is maintained and operated by WE ARE VERY Ltd.<\/p><p>SIA \"WE ARE VERY\" <br \/>Address: Sarma 37, \u0136ekavas novads, LV-2125<br \/>Registration number: 40103197321 <br \/>Bank: AS SEB banka<br \/>SWIFT code: UNLALV2X<br \/>Account No: LV62UNLA0050013076596<\/p>\t\t\t\t\t\t\t\t<\/div>\n\t\t\t\t<\/div>\n\t\t\t\t\t<\/div>\n\t\t<\/div>\n\t\t\t\t\t<\/div>\n\t\t<\/section>\n\t\t\t\t<\/div>","protected":false},"excerpt":{"rendered":"<p>Distances l\u012bgums \u0160is l\u012bgums tiek sl\u0113gts starp interneta vietnes www.marketingshake.lv \u012bpa\u0161nieku SIA \u201cWE ARE VERY\u201d, re\u0123istr\u0101cijas Nr. 40103197321,\u00a0 (turpm\u0101k tekst\u0101 \u2013 P\u0101rdev\u0113js), un Pirc\u0113ju, kas izdara pas\u016bt\u012bjumu interneta vietn\u0113 www.marketingshake.lv. Distances l\u012bgums attiecas uz visiem pas\u016bt\u012bjumiem un pirkumiem, kas veikti interneta vietn\u0113 www.marketingshake.lv. 1. Pirc\u0113js rezerv\u0113 un apmaks\u0101 dal\u012bbu festiv\u0101l\u0101 Marketing Shake (turpm\u0101k tekst\u0101 \u2013 [&hellip;]<\/p>\n","protected":false},"author":1,"featured_media":0,"parent":0,"menu_order":0,"comment_status":"closed","ping_status":"closed","template":"","meta":{"_acf_changed":false,"footnotes":""},"class_list":["post-246","page","type-page","status-publish","hentry"],"acf":[],"aioseo_notices":[],"_links":{"self":[{"href":"https:\/\/marketingshake.lv\/en\/wp-json\/wp\/v2\/pages\/246","targetHints":{"allow":["GET"]}}],"collection":[{"href":"https:\/\/marketingshake.lv\/en\/wp-json\/wp\/v2\/pages"}],"about":[{"href":"https:\/\/marketingshake.lv\/en\/wp-json\/wp\/v2\/types\/page"}],"author":[{"embeddable":true,"href":"https:\/\/marketingshake.lv\/en\/wp-json\/wp\/v2\/users\/1"}],"replies":[{"embeddable":true,"href":"https:\/\/marketingshake.lv\/en\/wp-json\/wp\/v2\/comments?post=246"}],"version-history":[{"count":0,"href":"https:\/\/marketingshake.lv\/en\/wp-json\/wp\/v2\/pages\/246\/revisions"}],"wp:attachment":[{"href":"https:\/\/marketingshake.lv\/en\/wp-json\/wp\/v2\/media?parent=246"}],"curies":[{"name":"wp","href":"https:\/\/api.w.org\/{rel}","templated":true}]}}